{"id":68736,"date":"2023-09-14T14:57:13","date_gmt":"2023-09-14T10:57:13","guid":{"rendered":"https:\/\/orbelianimeti.ge\/tsesebi-da-pirobebi\/"},"modified":"2024-05-14T16:44:31","modified_gmt":"2024-05-14T12:44:31","slug":"qaydalar-v-s-rtl-r","status":"publish","type":"page","link":"https:\/\/orbelianimeti.ge\/az\/qaydalar-v-s-rtl-r\/","title":{"rendered":"Qaydalar v\u0259 \u015f\u0259rtl\u0259r"},"content":{"rendered":"<h3><span style=\"font-weight: 400;\">Siz v\u0259 &#8220;Orbeliani&#8221; aras\u0131ndak\u0131 raz\u0131la\u015fma platformadan istifad\u0259 etm\u0259 \u015f\u0259rtl\u0259rini, o c\u00fcml\u0259d\u0259n, materiallar\u0131n v\u0259 m\u0259lumatlar\u0131n istifad\u0259si, h\u00fcquqlar\u0131n\u0131z v\u0259 ian\u0259 almaq, ian\u0259 etm\u0259k, hesab yaratmaq, layih\u0259y\u0259 ba\u015flamaq imkan\u0131 ver\u0259n v\u0259 dig\u0259r buna b\u0259nz\u0259r funksionall\u0131\u011f\u0131 t\u0259nziml\u0259yir.M\u00fcqavil\u0259nin \u015f\u0259rtl\u0259ri il\u0259 raz\u0131la\u015fmaq bu m\u00fcqavil\u0259d\u0259 qeyd olunan \u015f\u0259rtl\u0259ri q\u0259bul etdiyiniz m\u0259nas\u0131na g\u0259lir.<\/span><\/h3>\n<ol>\n<li style=\"font-weight: 400;\" aria-level=\"1\">\n<h3><span style=\"font-weight: 400;\">\u00a0\u00d6d\u0259ni\u015f ed\u0259rk\u0259n, qanuni ya\u015fda oldu\u011funuzu v\u0259 &#8220;Orbeliani&#8221; il\u0259 m\u00fcqavil\u0259 ba\u011flad\u0131\u011f\u0131n\u0131z\u0131 q\u0259bul edir v\u0259 raz\u0131la\u015f\u0131rs\u0131n\u0131z. \u018fg\u0259r siz t\u0259\u015fkilat ad\u0131ndan m\u00fcraci\u0259t edirsinizs\u0259 v\u0259 ya ian\u0259 edirsinizs\u0259, \u015firk\u0259t\/t\u0259\u015fkilat\u0131n ad\u0131ndan h\u0259r\u0259k\u0259t etm\u0259k \u00fc\u00e7\u00fcn laz\u0131mi qaydada s\u0259lahiyy\u0259tli n\u00fcmay\u0259nd\u0259 oldu\u011funuzu t\u0259min edirsiniz.<\/span><\/h3>\n<\/li>\n<li style=\"font-weight: 400;\" aria-level=\"1\">\n<h3><span style=\"font-weight: 400;\">\u00a0&#8220;Orbeliani&#8221; m\u00fc\u0259yy\u0259n m\u00fcdd\u0259td\u0259n sonra m\u00fcqavil\u0259y\u0259 d\u0259yi\u015fiklik etm\u0259k v\u0259 onu yaln\u0131z bu platformada d\u0259rc etm\u0259k h\u00fcququnu \u00f6z\u00fcnd\u0259 saxlay\u0131r.<\/span><\/h3>\n<\/li>\n<li style=\"font-weight: 400;\" aria-level=\"1\">\n<h3><span style=\"font-weight: 400;\">&#8220;Orbeliani&#8221; saytda d\u0259yi\u015fiklik etm\u0259k h\u00fcququna malikdir v\u0259 \u0259vv\u0259lc\u0259d\u0259n x\u0259b\u0259rdarl\u0131q etm\u0259d\u0259n t\u0259qdim etdiyiniz m\u0259zmunu saxlama\u011f\u0131 \u00f6hd\u0259sin\u0259 g\u00f6t\u00fcrm\u00fcr.<\/span><\/h3>\n<\/li>\n<li style=\"font-weight: 400;\" aria-level=\"1\">\n<h3><span style=\"font-weight: 400;\">\u00a0\u00a0\u015e\u0259xsi m\u0259lumatlar\u0131n saxlan\u0131lmas\u0131 v\u0259 istifad\u0259si \u015f\u0259xsi m\u0259lumat s\u0259n\u0259dimizl\u0259 t\u0259nziml\u0259nir.<\/span><span style=\"font-weight: 400;\"><br \/>\n<\/span><span style=\"font-weight: 400;\"><br \/>\n<\/span><span style=\"font-weight: 400;\">Siz raz\u0131la\u015f\u0131r v\u0259 etiraf edirsiniz ki,:<\/span><span style=\"font-weight: 400;\"><br \/>\n<\/span><span style=\"font-weight: 400;\">Biz\u0259 yalan olmayan m\u0259lumat verirsiniz;<\/span><span style=\"font-weight: 400;\"><br \/>\n<\/span><span style=\"font-weight: 400;\"> \u00a0 \u00a0 \u2013 \u00a0 bu m\u0259lumat\u0131 payla\u015fmaq h\u00fcququna maliksiniz;<\/span><span style=\"font-weight: 400;\"><br \/>\n<\/span><span style=\"font-weight: 400;\">\u00a0 \u2013 \u00a0 profilinizin qorunmas\u0131na cavabdehsiniz;<\/span><span style=\"font-weight: 400;\"><br \/>\n<\/span><span style=\"font-weight: 400;\">\u00a0 \u2013 \u00a0 d\u0259rc etdiyiniz m\u0259lumat &#8220;Orbeliani&#8221; il\u0259 raz\u0131la\u015fmadan \u00fc\u00e7\u00fcnc\u00fc \u015f\u0259xs t\u0259r\u0259find\u0259n istifad\u0259 edil\u0259 bil\u0259r;<\/span><span style=\"font-weight: 400;\"><br \/>\n<\/span><span style=\"font-weight: 400;\"><br \/>\n<\/span><span style=\"font-weight: 400;\">Saytda davran\u0131\u015f qaydalar\u0131:<\/span><\/h3>\n<\/li>\n<li style=\"font-weight: 400;\" aria-level=\"1\">\n<h3><span style=\"font-weight: 400;\">A\u015fa\u011f\u0131dak\u0131lar\u0131 d\u0259rc etm\u0259m\u0259y\u0259 v\u0259 yaymama\u011fa raz\u0131s\u0131n\u0131z:<\/span><\/h3>\n<\/li>\n<li style=\"font-weight: 400;\" aria-level=\"1\">\n<h3><span style=\"font-weight: 400;\">1.1. Nifr\u0259t dili, al\u00e7ald\u0131c\u0131 v\u0259 ya h\u0259d\u0259l\u0259yici m\u0259zmun, yalan v\u0259 ya yanl\u0131\u015f m\u0259lumat ehtiva ed\u0259n yaz\u0131;<\/span><\/h3>\n<\/li>\n<li style=\"font-weight: 400;\" aria-level=\"1\">\n<h3><span style=\"font-weight: 400;\">1.2. H\u00fcquq sahibinin icaz\u0259si olmadan patent, d\u0259rc etm\u0259 h\u00fcququ v\u0259 ya m\u00fclkiyy\u0259t h\u00fcququ il\u0259 qorunmayan h\u0259r \u015fey;<\/span><\/h3>\n<\/li>\n<li style=\"font-weight: 400;\" aria-level=\"1\">\n<h3><span style=\"font-weight: 400;\">1.3. Zorak\u0131l\u0131\u011f\u0131 t\u0259\u015fviq ed\u0259n terror v\u0259 ya cinay\u0259t f\u0259aliyy\u0259tini t\u0259bli\u011f ed\u0259n material.<\/span><\/h3>\n<\/li>\n<li style=\"font-weight: 400;\" aria-level=\"1\">\n<h3><span style=\"font-weight: 400;\">M\u00fcqavil\u0259nin l\u0259\u011fvi:<\/span><\/h3>\n<\/li>\n<li style=\"font-weight: 400;\" aria-level=\"1\">\n<h3><span style=\"font-weight: 400;\">2.1. M\u00fcqvil\u0259 l\u0259\u011fv edil\u0259n\u0259d\u0259k etibarl\u0131d\u0131r.<\/span><\/h3>\n<\/li>\n<li style=\"font-weight: 400;\" aria-level=\"1\">\n<h3><span style=\"font-weight: 400;\">2.2. Bu M\u00fcqavil\u0259ni pozdu\u011funuz t\u0259qdird\u0259, &#8220;Orbeliani&#8221; xidm\u0259t\u0259 giri\u015finizi m\u0259hdudla\u015fd\u0131rmaq h\u00fcququna malikdir. \u201cOrbeliani\u201d bu bar\u0259d\u0259 siz\u0259 \u0259vv\u0259lc\u0259d\u0259n m\u0259lumat verm\u0259y\u0259 m\u0259cbur deyil.<\/span><\/h3>\n<\/li>\n<li style=\"font-weight: 400;\" aria-level=\"1\">\n<h3><span style=\"font-weight: 400;\">\u0130an\u0259\u00e7il\u0259r \u00fc\u00e7\u00fcn:<\/span><\/h3>\n<\/li>\n<li style=\"font-weight: 400;\" aria-level=\"1\">\n<h3><span style=\"font-weight: 400;\">3.1. \u00d6d\u0259ni\u015f \u015f\u0259rtl\u0259ri saytda g\u00f6st\u0259rilmi\u015fdir. Siz yaln\u0131z kartla \u00f6d\u0259y\u0259 bil\u0259rsiniz v\u0259 ya \u0259g\u0259r layih\u0259nin ba\u015fl\u0131\u011f\u0131n\u0131 qeyd ets\u0259niz, birba\u015fa &#8220;Orbelianinin hesab\u0131na yat\u0131ra bil\u0259rsiniz.<\/span><\/h3>\n<\/li>\n<li style=\"font-weight: 400;\" aria-level=\"1\">\n<h3><span style=\"font-weight: 400;\">3.2. Biz ideya m\u00fc\u0259llifl\u0259ri, m\u0259qs\u0259dl\u0259ri, layih\u0259nin gedi\u015fat\u0131 haqq\u0131nda m\u0259lumatlar\u0131 m\u00fcmk\u00fcn q\u0259d\u0259r d\u0259qiql\u0259\u015fdirm\u0259y\u0259 \u00e7al\u0131\u015f\u0131r v\u0259 d\u0259rc edilm\u0259zd\u0259n \u0259vv\u0259l layih\u0259nin m\u00fc\u0259llifinin do\u011frulu\u011funu yoxlay\u0131r\u0131q. H\u0259m\u00e7inin, layih\u0259nin h\u0259d\u0259f m\u0259bl\u0259\u011fi larinin m\u0259z\u0259nn\u0259sind\u0259ki d\u0259yi\u015fiklikl\u0259r\u0259 g\u00f6r\u0259 v\u0259 ya layih\u0259 m\u00fc\u0259llifinin ist\u0259yi il\u0259 d\u0259yi\u015fdiril\u0259 bil\u0259r.<\/span><\/h3>\n<\/li>\n<li style=\"font-weight: 400;\" aria-level=\"1\">\n<h3><span style=\"font-weight: 400;\">3.3. \u00d6d\u0259ni\u015f zaman\u0131 yaln\u0131z \u015f\u0259xsi kart\u0131n\u0131zdan v\u0259 ya \u015f\u0259xsi maliyy\u0259 hesab\u0131n\u0131zdan istifad\u0259 etm\u0259yi \u00f6hd\u0259liyiniz\u0259 g\u00f6t\u00fcr\u00fcrs\u00fcn\u00fcz.<\/span><\/h3>\n<\/li>\n<li style=\"font-weight: 400;\" aria-level=\"1\">\n<h3><span style=\"font-weight: 400;\">3.4. \u201cOrbeliani\u201d ian\u0259ni geri qaytarm\u0131r.<\/span><\/h3>\n<\/li>\n<li style=\"font-weight: 400;\" aria-level=\"1\">\n<h3><span style=\"font-weight: 400;\">3.5. H\u0259d\u0259f layih\u0259nin m\u00fc\u0259llifi pulu q\u0259bul etm\u0259kd\u0259n imtina ed\u0259rs\u0259, &#8220;Orbeliani&#8221; ian\u0259nin h\u0259d\u0259f layih\u0259sini d\u0259yi\u015f\u0259c\u0259k. Sizinl\u0259 raz\u0131la\u015faraq, &#8220;Orbeliani&#8221; m\u0259bl\u0259\u011fi ox\u015far m\u0259zmunlu\/m\u0259qs\u0259dli ba\u015fqa bir layih\u0259y\u0259 k\u00f6\u00e7\u00fcr\u00fcr.<\/span><\/h3>\n<\/li>\n<li style=\"font-weight: 400;\" aria-level=\"1\">\n<h3><span style=\"font-weight: 400;\">Payla\u015fd\u0131\u011f\u0131n\u0131z m\u0259lumat\u0131n istifad\u0259 olunmas\u0131:<\/span><\/h3>\n<\/li>\n<li style=\"font-weight: 400;\" aria-level=\"1\">\n<h3><span style=\"font-weight: 400;\">4.1. \u015e\u0259xsi m\u0259lumatlar\u0131n qorunmas\u0131 s\u0259n\u0259dimiz \u015f\u0259xsi m\u0259lumatlardan istifad\u0259 h\u00fcquqlar\u0131n\u0131 t\u0259nziml\u0259yir. Xidm\u0259td\u0259n istifad\u0259 \u015f\u0259rtl\u0259ri il\u0259 raz\u0131la\u015fd\u0131\u011f\u0131n\u0131z zaman bu s\u0259n\u0259din \u015f\u0259rtl\u0259ri il\u0259 d\u0259 raz\u0131la\u015f\u0131rs\u0131n\u0131z.<\/span><\/h3>\n<\/li>\n<li style=\"font-weight: 400;\" aria-level=\"1\">\n<h3><span style=\"font-weight: 400;\">4.2. S\u0259hif\u0259niz\u0259 y\u00fckl\u0259diyiniz kontent sizin olmal\u0131d\u0131r v\u0259 m\u00fc\u0259llif h\u00fcquqlar\u0131n\u0131 pozmamal\u0131d\u0131r.<\/span><\/h3>\n<\/li>\n<li style=\"font-weight: 400;\" aria-level=\"1\">\n<h3><span style=\"font-weight: 400;\">4.3. Kontentin m\u00fc\u0259llif h\u00fcquqlar\u0131n\u0131 pozdu\u011funu v\u0259 ya h\u0259d\u0259, zorak\u0131l\u0131q \u00e7a\u011f\u0131r\u0131\u015flar\u0131 ehtiva etdiyini hesab etdiyimiz t\u0259qdird\u0259,&#8221;Orbelian&#8221; m\u0259lumat\u0131 d\u00fcz\u0259ltm\u0259k v\u0259 ya silm\u0259k h\u00fcququna malikdir.<\/span><\/h3>\n<\/li>\n<li style=\"font-weight: 400;\" aria-level=\"1\">\n<h3><span style=\"font-weight: 400;\">4.4. &#8220;Orbeliani&#8221; layih\u0259nizi v\u0259 platforman\u0131 tan\u0131tmaq \u00fc\u00e7\u00fcn y\u00fckl\u0259diyiniz m\u0259zmundan istifad\u0259 etm\u0259k h\u00fcququna malikdir.<\/span><\/h3>\n<\/li>\n<li style=\"font-weight: 400;\" aria-level=\"1\">\n<h3><span style=\"font-weight: 400;\">T\u0259hl\u00fck\u0259sizlik:<\/span><\/h3>\n<\/li>\n<li style=\"font-weight: 400;\" aria-level=\"1\">\n<h3><span style=\"font-weight: 400;\">5.1. Siz \u015f\u0259xsi hesab\u0131n\u0131z\u0131, e-po\u00e7tunuzu, \u015fifr\u0259 m\u0259lumatlar\u0131n\u0131z\u0131 qorumaq \u00fc\u00e7\u00fcn \u015f\u0259xs\u0259n m\u0259suliyy\u0259t da\u015f\u0131y\u0131rs\u0131n\u0131z v\u0259 onlar\u0131 he\u00e7 bir \u00fc\u00e7\u00fcnc\u00fc t\u0259r\u0259fl\u0259 payla\u015fmamal\u0131s\u0131n\u0131z.<\/span><\/h3>\n<\/li>\n<li style=\"font-weight: 400;\" aria-level=\"1\">\n<h3><span style=\"font-weight: 400;\">5.2. Sayt\u0131n t\u0259hl\u00fck\u0259sizliyi antivirus proqramlar\u0131 v\u0259 \u015fifr\u0259l\u0259m\u0259 texnologiyas\u0131 il\u0259 qorunur. Amma h\u0259r hans\u0131 bir sayt kimi \u201cOrbeliani\u201d platformas\u0131 da haker h\u00fccumlar\u0131ndan qorunmur.<\/span><\/h3>\n<\/li>\n<li style=\"font-weight: 400;\" aria-level=\"1\">\n<h3><span style=\"font-weight: 400;\">5.3.TBC Bank kart\u0131n t\u0259hl\u00fck\u0259sizliyin\u0259 v\u0259 maliyy\u0259 \u0259m\u0259liyyatlar\u0131na cavabdehdir v\u0259 &#8220;Orbelianin&#8221; kart m\u0259lumatlar\u0131n\u0131za \u0259l\u00e7atanl\u0131\u011f\u0131 yoxdur.<\/span><\/h3>\n<\/li>\n<li style=\"font-weight: 400;\" aria-level=\"1\">\n<h3><span style=\"font-weight: 400;\">Sayt\u0131n d\u00fczg\u00fcn i\u015fl\u0259m\u0259si:<\/span><\/h3>\n<\/li>\n<li style=\"font-weight: 400;\" aria-level=\"1\">\n<h3><span style=\"font-weight: 400;\">6.1. Sayt\u0131n fasil\u0259siz i\u015fl\u0259m\u0259si \u00fc\u00e7\u00fcn \u0259limizd\u0259n g\u0259l\u0259ni ed\u0259c\u0259yik. Amma sayt\u0131n i\u015find\u0259 s\u0259hvl\u0259r ola bil\u0259r. Bel\u0259 hallarda, biziml\u0259 \u0259laq\u0259 saxlay\u0131n.<\/span><\/h3>\n<\/li>\n<li style=\"font-weight: 400;\" aria-level=\"1\">\n<h3><span style=\"font-weight: 400;\">\u00dcmumi m\u00fcdd\u0259alar:<\/span><\/h3>\n<\/li>\n<li style=\"font-weight: 400;\" aria-level=\"1\">\n<h3><span style=\"font-weight: 400;\">7.1. Orbeliani&#8221; sayt\u0131n istifad\u0259 \u015f\u0259rtl\u0259rini d\u0259yi\u015fdir\u0259 v\u0259 yenil\u0259nmi\u015f versiyan\u0131 yaln\u0131z elektron formada eyni saytda d\u0259rc ed\u0259 bil\u0259r.<\/span><\/h3>\n<\/li>\n<li style=\"font-weight: 400;\" aria-level=\"1\">\n<h3><span style=\"font-weight: 400;\">7.2. \u201cOrbeliani&#8221; ian\u0259 m\u00fcqabilind\u0259 ian\u0259\u00e7iy\u0259 h\u0259diyy\u0259 verm\u0259yi \u00f6hd\u0259sin\u0259 g\u00f6t\u00fcrm\u00fcr. \u0130deya m\u00fc\u0259llifi h\u0259diyy\u0259nin t\u0259klifi v\u0259 \u00e7atd\u0131r\u0131lmas\u0131 \u00fc\u00e7\u00fcn tam m\u0259suliyy\u0259t da\u015f\u0131y\u0131r. \u0130an\u0259\u00e7i v\u0259 ideya m\u00fc\u0259llifi f\u0259rdi olaraq h\u0259diyy\u0259nin \u00e7atd\u0131r\u0131lma \u015f\u0259rtl\u0259rini raz\u0131la\u015fd\u0131r\u0131rlar.<\/span><\/h3>\n<\/li>\n<li style=\"font-weight: 400;\" aria-level=\"1\">\n<h3><span style=\"font-weight: 400;\">7.3. \u201cOrbeliani\u201d maliyy\u0259l\u0259\u015fdiril\u0259n layih\u0259nin icras\u0131n\u0131 yoxlama\u011f\u0131 v\u0259 bel\u0259 bir m\u00fcraci\u0259t olduqda, h\u0259d\u0259f layih\u0259nin maliyy\u0259 hesabat\u0131 s\u0259n\u0259dini ian\u0259\u00e7iy\u0259 g\u00f6nd\u0259rm\u0259yi \u00f6hd\u0259sin\u0259 g\u00f6t\u00fcr\u00fcr.<\/span><\/h3>\n<\/li>\n<li style=\"font-weight: 400;\" aria-level=\"1\">\n<h3><span style=\"font-weight: 400;\">7.4. &#8220;Orbeliani&#8221; layih\u0259nin etibarl\u0131l\u0131\u011f\u0131n\u0131 yoxlama\u011f\u0131 \u00f6hd\u0259sin\u0259 g\u00f6t\u00fcr\u00fcr v\u0259 laz\u0131m g\u0259l\u0259rs\u0259, ideyan\u0131 d\u0259rc etm\u0259zd\u0259n \u0259vv\u0259l \u0259lav\u0259 m\u0259lumatlar\u0131n t\u0259qdim edilm\u0259sini t\u0259l\u0259b etm\u0259k h\u00fcququna malikdir.<\/span><\/h3>\n<\/li>\n<\/ol>\n","protected":false},"excerpt":{"rendered":"<p>Siz v\u0259 &#8220;Orbeliani&#8221; aras\u0131ndak\u0131 raz\u0131la\u015fma platformadan istifad\u0259 etm\u0259 \u015f\u0259rtl\u0259rini, o c\u00fcml\u0259d\u0259n, materiallar\u0131n v\u0259 m\u0259lumatlar\u0131n istifad\u0259si, h\u00fcquqlar\u0131n\u0131z v\u0259 ian\u0259 almaq, ian\u0259 etm\u0259k, hesab yaratmaq, layih\u0259y\u0259 ba\u015flamaq imkan\u0131 ver\u0259n v\u0259 dig\u0259r buna b\u0259nz\u0259r funksionall\u0131\u011f\u0131 t\u0259nziml\u0259yir.M\u00fcqavil\u0259nin \u015f\u0259rtl\u0259ri il\u0259 raz\u0131la\u015fmaq bu m\u00fcqavil\u0259d\u0259 qeyd olunan \u015f\u0259rtl\u0259ri q\u0259bul etdiyiniz m\u0259nas\u0131na g\u0259lir. \u00a0\u00d6d\u0259ni\u015f ed\u0259rk\u0259n, qanuni ya\u015fda oldu\u011funuzu v\u0259 &#8220;Orbeliani&#8221; il\u0259 m\u00fcqavil\u0259 ba\u011flad\u0131\u011f\u0131n\u0131z\u0131 [&hellip;]<\/p>\n","protected":false},"author":1,"featured_media":0,"parent":0,"menu_order":0,"comment_status":"closed","ping_status":"closed","template":"","meta":{"_acf_changed":false,"footnotes":""},"class_list":["post-68736","page","type-page","status-publish","hentry"],"acf":[],"wpcf_dashboard":"<div class=\"woocommerce\"><div class=\"woocommerce-info\">Please log in first? <a class=\"wpneoShowLogin\" href=\"#\">Click here to login<\/a><\/div><div class=\"wpneo_login_form_div\" style=\"display: none;\"><form name=\"loginform\" id=\"loginform\" action=\"https:\/\/orbelianimeti.ge\/wp-login.php\" method=\"post\"><p class=\"login-username\">\n\t\t\t\t<label for=\"user_login\">Username or Email Address<\/label>\n\t\t\t\t<input type=\"text\" name=\"log\" id=\"user_login\" autocomplete=\"username\" class=\"input\" value=\"\" size=\"20\" \/>\n\t\t\t<\/p><p class=\"login-password\">\n\t\t\t\t<label for=\"user_pass\">Password<\/label>\n\t\t\t\t<input type=\"password\" name=\"pwd\" id=\"user_pass\" autocomplete=\"current-password\" spellcheck=\"false\" class=\"input\" value=\"\" size=\"20\" \/>\n\t\t\t<\/p><p class=\"login-remember\"><label><input name=\"rememberme\" type=\"checkbox\" id=\"rememberme\" value=\"forever\" \/> Remember Me<\/label><\/p><p class=\"login-submit\">\n\t\t\t\t<input type=\"submit\" name=\"wp-submit\" id=\"wp-submit\" class=\"button button-primary\" value=\"Log In\" \/>\n\t\t\t\t<input type=\"hidden\" name=\"redirect_to\" value=\"https:\/\/orbelianimeti.ge\/az\/wp-json\/wp\/v2\/pages\/68736\" \/>\n\t\t\t<\/p><\/form><\/div><\/div>","_links":{"self":[{"href":"https:\/\/orbelianimeti.ge\/az\/wp-json\/wp\/v2\/pages\/68736","targetHints":{"allow":["GET"]}}],"collection":[{"href":"https:\/\/orbelianimeti.ge\/az\/wp-json\/wp\/v2\/pages"}],"about":[{"href":"https:\/\/orbelianimeti.ge\/az\/wp-json\/wp\/v2\/types\/page"}],"author":[{"embeddable":true,"href":"https:\/\/orbelianimeti.ge\/az\/wp-json\/wp\/v2\/users\/1"}],"replies":[{"embeddable":true,"href":"https:\/\/orbelianimeti.ge\/az\/wp-json\/wp\/v2\/comments?post=68736"}],"version-history":[{"count":0,"href":"https:\/\/orbelianimeti.ge\/az\/wp-json\/wp\/v2\/pages\/68736\/revisions"}],"wp:attachment":[{"href":"https:\/\/orbelianimeti.ge\/az\/wp-json\/wp\/v2\/media?parent=68736"}],"curies":[{"name":"wp","href":"https:\/\/api.w.org\/{rel}","templated":true}]}}