{"id":68732,"date":"2023-09-13T22:08:17","date_gmt":"2023-09-13T18:08:17","guid":{"rendered":"https:\/\/orbelianimeti.ge\/personaluri-inphormatsia\/"},"modified":"2024-07-01T14:12:04","modified_gmt":"2024-07-01T10:12:04","slug":"s-xsi-m-lumat","status":"publish","type":"page","link":"https:\/\/orbelianimeti.ge\/az\/s-xsi-m-lumat\/","title":{"rendered":"\u015e\u0259xsi m\u0259lumat"},"content":{"rendered":"<p>&#8220;Orbeliani&#8221; sizin \u015f\u0259xsi m\u0259kan\u0131n\u0131za h\u00f6rm\u0259t edir v\u0259 G\u00fcrc\u00fcstan qanunvericiliyin\u0259 uy\u011fun olaraq \u015f\u0259xsi m\u0259lumatlar\u0131n\u0131z\u0131 qorumaq \u00f6hd\u0259liyin\u0259 \u0259m\u0259l edir. Platforma vasit\u0259sil\u0259 &#8220;Orbelian&#8221; t\u0259klifl\u0259ri haqq\u0131nda siz\u0259 m\u0259lumat verm\u0259k \u00fc\u00e7\u00fcn \u015f\u0259xsi m\u0259lumatlar\u0131n\u0131z\u0131 t\u0259l\u0259b edirik. Biz payla\u015fd\u0131\u011f\u0131n\u0131z m\u0259lumatlara g\u00f6r\u0259 m\u0259suliyy\u0259t da\u015f\u0131y\u0131r\u0131q v\u0259 onu \u00fc\u00e7\u00fcnc\u00fc t\u0259r\u0259fl\u0259rl\u0259 payla\u015fm\u0131r\u0131q.<\/p>\n<p>Biz Google analitikas\u0131ndan istifad\u0259 edirik v\u0259 istifad\u0259\u00e7il\u0259rin say\u0131n\u0131, davran\u0131\u015f\u0131n\u0131, gecikm\u0259 m\u00fcdd\u0259tini v\u0259 \u00f6lk\u0259 \u00fczr\u0259 istifad\u0259\u00e7il\u0259rin m\u0259n\u015f\u0259yini ba\u015fa d\u00fc\u015f\u00fcr\u00fck.<\/p>\n<p>Qeydiyyat zaman\u0131 ad, soyad, email v\u0259 telefon n\u00f6mr\u0259sinin yaln\u0131z ideya m\u00fc\u0259llifl\u0259ri \u00fc\u00e7\u00fcn payla\u015f\u0131lmas\u0131 m\u00fctl\u0259qdir. Layih\u0259nin t\u0259f\u0259rr\u00fcatlar\u0131, maliyy\u0259 t\u0259r\u0259fi, f\u0259aliyy\u0259t plan\u0131 v\u0259 s. haqq\u0131nda ideya m\u00fc\u0259llifi il\u0259 raz\u0131la\u015fmaq \u00fc\u00e7\u00fcn bu m\u0259lumat biz\u0259 laz\u0131md\u0131r.<\/p>\n<p>\u0130an\u0259 ed\u0259rk\u0259n biz yaln\u0131z donorlar\u0131n ad\u0131n\u0131 v\u0259 e-po\u00e7tunu saxlay\u0131r\u0131q v\u0259 TBC Bank kart m\u0259lumatlar\u0131na v\u0259 maliyy\u0259 \u0259m\u0259liyyatlar\u0131 zaman\u0131 onun qorunmas\u0131na cavabdehdir. TBC Bank\u0131n k\u00f6m\u0259yi il\u0259 etdiyiniz h\u0259r hans\u0131 dig\u0259r \u0259m\u0259liyyatda oldu\u011fu kimi, \u0259m\u0259liyyat\u0131n\u0131zda da qorunursunuz. Biz donorlar\u0131n siyah\u0131s\u0131n\u0131 platformam\u0131zda d\u0259rc edirik v\u0259 anonim \u00f6d\u0259ni\u015f funksiyas\u0131n\u0131 yoxlamad\u0131\u011f\u0131n\u0131z halda onu ideyan\u0131n yarad\u0131c\u0131s\u0131 il\u0259 payla\u015f\u0131r\u0131q.<\/p>\n<p><span style=\"font-weight: 400;\">\u00a0<\/span><\/p>\n<p>H\u00fcquqlar\u0131n\u0131z:<\/p>\n<p>Siz ist\u0259nil\u0259n vaxt Platformada \u015f\u0259xsi m\u0259lumatlar\u0131n\u0131z\u0131 yenil\u0259y\u0259 bil\u0259rsiniz. Profild\u0259ki m\u0259lumatlar\u0131n d\u00fczg\u00fcnl\u00fcy\u00fcn\u0259 g\u00f6r\u0259 m\u0259suliyy\u0259t da\u015f\u0131y\u0131rs\u0131n\u0131z. E-po\u00e7t \u00fcnvan\u0131n\u0131z\u0131 d\u0259yi\u015fmisinizs\u0259, profilinizd\u0259ki m\u0259lumatlar\u0131 d\u00fcz\u0259ltm\u0259lisiniz ki, sizinl\u0259 s\u0259hvsiz \u0259laq\u0259 saxlaya bil\u0259k.<\/p>\n<p>Platformam\u0131zdak\u0131 hesab\u0131n\u0131z\u0131 l\u0259\u011fv etm\u0259yimizi ist\u0259yirsinizs\u0259, Orbelianigeorgia@gmail.com \u00fcnvan\u0131na e-po\u00e7t g\u00f6nd\u0259rin.<\/p>\n<p>Orbelian-dan xidm\u0259tl\u0259r v\u0259 x\u0259b\u0259rl\u0259r haqq\u0131nda m\u0259lumat almaq ist\u0259mirsinizs\u0259, m\u0259lumatlar\u0131n\u0131zdan istifad\u0259nin m\u0259hdudla\u015fd\u0131r\u0131lmas\u0131n\u0131 t\u0259l\u0259b etm\u0259k h\u00fcququnuz var. Bunun \u00fc\u00e7\u00fcn Orbelianigeorgia@gmail.com \u00fcnvan\u0131nda biziml\u0259 \u0259laq\u0259 saxlay\u0131n<\/p>\n","protected":false},"excerpt":{"rendered":"<p>&#8220;Orbeliani&#8221; sizin \u015f\u0259xsi m\u0259kan\u0131n\u0131za h\u00f6rm\u0259t edir v\u0259 G\u00fcrc\u00fcstan qanunvericiliyin\u0259 uy\u011fun olaraq \u015f\u0259xsi m\u0259lumatlar\u0131n\u0131z\u0131 qorumaq \u00f6hd\u0259liyin\u0259 \u0259m\u0259l edir. Platforma vasit\u0259sil\u0259 &#8220;Orbelian&#8221; t\u0259klifl\u0259ri haqq\u0131nda siz\u0259 m\u0259lumat verm\u0259k \u00fc\u00e7\u00fcn \u015f\u0259xsi m\u0259lumatlar\u0131n\u0131z\u0131 t\u0259l\u0259b edirik. Biz payla\u015fd\u0131\u011f\u0131n\u0131z m\u0259lumatlara g\u00f6r\u0259 m\u0259suliyy\u0259t da\u015f\u0131y\u0131r\u0131q v\u0259 onu \u00fc\u00e7\u00fcnc\u00fc t\u0259r\u0259fl\u0259rl\u0259 payla\u015fm\u0131r\u0131q. Biz Google analitikas\u0131ndan istifad\u0259 edirik v\u0259 istifad\u0259\u00e7il\u0259rin say\u0131n\u0131, davran\u0131\u015f\u0131n\u0131, gecikm\u0259 m\u00fcdd\u0259tini v\u0259 \u00f6lk\u0259 \u00fczr\u0259 [&hellip;]<\/p>\n","protected":false},"author":1,"featured_media":0,"parent":0,"menu_order":0,"comment_status":"closed","ping_status":"closed","template":"","meta":{"_acf_changed":false,"footnotes":""},"class_list":["post-68732","page","type-page","status-publish","hentry"],"acf":[],"wpcf_dashboard":"<div class=\"woocommerce\"><div class=\"woocommerce-info\">Please log in first? <a class=\"wpneoShowLogin\" href=\"#\">Click here to login<\/a><\/div><div class=\"wpneo_login_form_div\" style=\"display: none;\"><form name=\"loginform\" id=\"loginform\" action=\"https:\/\/orbelianimeti.ge\/wp-login.php\" method=\"post\"><p class=\"login-username\">\n\t\t\t\t<label for=\"user_login\">Username or Email Address<\/label>\n\t\t\t\t<input type=\"text\" name=\"log\" id=\"user_login\" autocomplete=\"username\" class=\"input\" value=\"\" size=\"20\" \/>\n\t\t\t<\/p><p class=\"login-password\">\n\t\t\t\t<label for=\"user_pass\">Password<\/label>\n\t\t\t\t<input type=\"password\" name=\"pwd\" id=\"user_pass\" autocomplete=\"current-password\" spellcheck=\"false\" class=\"input\" value=\"\" size=\"20\" \/>\n\t\t\t<\/p><p class=\"login-remember\"><label><input name=\"rememberme\" type=\"checkbox\" id=\"rememberme\" value=\"forever\" \/> Remember Me<\/label><\/p><p class=\"login-submit\">\n\t\t\t\t<input type=\"submit\" name=\"wp-submit\" id=\"wp-submit\" class=\"button button-primary\" value=\"Log In\" \/>\n\t\t\t\t<input type=\"hidden\" name=\"redirect_to\" value=\"https:\/\/orbelianimeti.ge\/az\/wp-json\/wp\/v2\/pages\/68732\" \/>\n\t\t\t<\/p><\/form><\/div><\/div>","_links":{"self":[{"href":"https:\/\/orbelianimeti.ge\/az\/wp-json\/wp\/v2\/pages\/68732","targetHints":{"allow":["GET"]}}],"collection":[{"href":"https:\/\/orbelianimeti.ge\/az\/wp-json\/wp\/v2\/pages"}],"about":[{"href":"https:\/\/orbelianimeti.ge\/az\/wp-json\/wp\/v2\/types\/page"}],"author":[{"embeddable":true,"href":"https:\/\/orbelianimeti.ge\/az\/wp-json\/wp\/v2\/users\/1"}],"replies":[{"embeddable":true,"href":"https:\/\/orbelianimeti.ge\/az\/wp-json\/wp\/v2\/comments?post=68732"}],"version-history":[{"count":0,"href":"https:\/\/orbelianimeti.ge\/az\/wp-json\/wp\/v2\/pages\/68732\/revisions"}],"wp:attachment":[{"href":"https:\/\/orbelianimeti.ge\/az\/wp-json\/wp\/v2\/media?parent=68732"}],"curies":[{"name":"wp","href":"https:\/\/api.w.org\/{rel}","templated":true}]}}