{"id":68729,"date":"2023-09-13T21:56:31","date_gmt":"2023-09-13T17:56:31","guid":{"rendered":"https:\/\/orbelianimeti.ge\/chven-shesakheb\/"},"modified":"2024-05-14T17:01:19","modified_gmt":"2024-05-14T13:01:19","slug":"haqqimizda","status":"publish","type":"page","link":"https:\/\/orbelianimeti.ge\/az\/haqqimizda\/","title":{"rendered":"Haqq\u0131m\u0131zda"},"content":{"rendered":"<p><span style=\"font-weight: 400;\">Q(Q)H<\/span><span style=\"font-weight: 400;\">\u015e <\/span><span style=\"font-weight: 400;\">&#8220;Orbeliani G\u00fcrc\u00fcstan&#8221; &#8211; Bizim m\u0259qs\u0259dimiz sosial t\u0259\u015f\u0259bb\u00fcsl\u0259ri d\u0259st\u0259kl\u0259m\u0259kdir ki, h\u0259r bir v\u0259t\u0259nda\u015f \u00f6z icmas\u0131n\u0131n\/c\u0259miyy\u0259tinin h\u0259yat\u0131n\u0131 yax\u015f\u0131l\u0131\u011fa do\u011fru d\u0259yi\u015fm\u0259k imkan\u0131 \u0259ld\u0259 etsin. Son ill\u0259r \u0259rzind\u0259 &#8220;Orbeliani&#8221; onlayn platformas\u0131 (app.orbeliani.net) vasit\u0259sil\u0259 \u00e7oxlu z\u0259ruri, praktik v\u0259 innovativ ideyalar beyn\u0259lxalq v\u0259 donor t\u0259\u015fkilatlar t\u0259r\u0259find\u0259n maliyy\u0259l\u0259\u015fdirilib. H\u0259r bir t\u0259\u015f\u0259bb\u00fcs m\u00fcst\u0259qil \u015f\u0259kild\u0259 yarad\u0131l\u0131r v\u0259 onun arxas\u0131nda ictimai rifah u\u011frunda m\u00fcbariz\u0259d\u0259 birl\u0259\u015f\u0259n sad\u0259 insanlar dayan\u0131r. 2015-ci ild\u0259n bu g\u00fcn\u0259d\u0259k Orbeliani t\u0259\u015f\u0259bb\u00fcsl\u0259r \u00fc\u00e7\u00fcn\u00a0 donorlar\u0131n d\u0259st\u0259yi il\u0259 1.000.000 larid\u0259n \u00e7ox <\/span><span style=\"font-weight: 400;\">v\u0259sait ay\u0131rm\u0131\u015fd\u0131r.<\/span><\/p>\n<p><span style=\"font-weight: 400;\"> Bu donorlar a\u015fa\u011f\u0131dak\u0131lard\u0131r: UNDP, SIDA, \u00c7exiya S\u0259firliyi, Hollandiya S\u0259firliyi, EWMI Access proqram\u0131. \u201cOrbeliani G\u00fcrc\u00fcstan\u201d populyarl\u0131\u011f\u0131<\/span><span style=\"font-weight: 400;\"> art\u0131r v\u0259 eyni zamanda, ki\u00e7ik add\u0131mlarla \u0259traf m\u00fchiti yax\u015f\u0131l\u0131\u011fa do\u011fru d\u0259yi\u015fm\u0259k ist\u0259y\u0259n motivasiyal\u0131 insanlar\u0131n say\u0131 da art\u0131r, lakin beyn\u0259lxalq donorlar t\u0259r\u0259find\u0259n veril\u0259n maliyy\u0259 resurslar\u0131 h\u0259mi\u015f\u0259 kifay\u0259t etmir, ona g\u00f6r\u0259 d\u0259 insanlara onlar \u00fc\u00e7\u00fcn maraql\u0131 olan v\u0259 ist\u0259dikl\u0259ri ideyalar\u0131 maliyy\u0259l\u0259\u015fdirm\u0259 imkan\u0131 verm\u0259k q\u0259rar\u0131na g\u0259ldik. <\/span><a href=\"https:\/\/orbelianimeti.ge\/\"><span style=\"font-weight: 400;\">\u201cOrbeliani Meti\u201d<\/span><\/a><span style=\"font-weight: 400;\"> Kraudfandinq platformas\u0131 m\u0259hz buna g\u00f6r\u0259 yarad\u0131lm\u0131\u015fd\u0131r. 2015-ci ild\u0259 G\u00fcrc\u00fcstanda ilk k\u00fctl\u0259vi maliyy\u0259l\u0259\u015fdirm\u0259 platformas\u0131 olan Orbelianimeti.ge yarad\u0131ld\u0131. Orbelianimeti.ge birg\u0259 maliyy\u0259l\u0259\u015fdirm\u0259 prinsipi il\u0259 i\u015fl\u0259yir v\u0259 g\u0259ncl\u0259r\u0259, v\u0259t\u0259nda\u015f f\u0259allar\u0131na, sosial sahibkarlara \u00f6z ideyalar\u0131n\u0131 realla\u015fd\u0131rma\u011fa, layih\u0259l\u0259rinin v\u0259 sosial t\u0259\u015f\u0259bb\u00fcsl\u0259rinin h\u0259yata ke\u00e7irilm\u0259si \u00fc\u00e7\u00fcn kifay\u0259t q\u0259d\u0259r maliyy\u0259 \u0259ld\u0259 etm\u0259y\u0259 k\u00f6m\u0259k edir. Platforma vasit\u0259sil\u0259 ideya m\u00fc\u0259llifl\u0259ri layih\u0259 \u00fc\u00e7\u00fcn ist\u0259dikl\u0259ri m\u0259bl\u0259\u011fin 30%-ni toplaya bil\u0259rl\u0259r, 70%-i is\u0259 beyn\u0259lxalq t\u0259\u015fkilatlardan v\u0259 ya \u00f6z\u0259l sektordan toplanan \u201cOrbeliani Meti\u201d v\u0259saitl\u0259ri hesab\u0131na qar\u015f\u0131lanacaq.<\/span><\/p>\n","protected":false},"excerpt":{"rendered":"<p>Q(Q)H\u015e &#8220;Orbeliani G\u00fcrc\u00fcstan&#8221; &#8211; Bizim m\u0259qs\u0259dimiz sosial t\u0259\u015f\u0259bb\u00fcsl\u0259ri d\u0259st\u0259kl\u0259m\u0259kdir ki, h\u0259r bir v\u0259t\u0259nda\u015f \u00f6z icmas\u0131n\u0131n\/c\u0259miyy\u0259tinin h\u0259yat\u0131n\u0131 yax\u015f\u0131l\u0131\u011fa do\u011fru d\u0259yi\u015fm\u0259k imkan\u0131 \u0259ld\u0259 etsin. Son ill\u0259r \u0259rzind\u0259 &#8220;Orbeliani&#8221; onlayn platformas\u0131 (app.orbeliani.net) vasit\u0259sil\u0259 \u00e7oxlu z\u0259ruri, praktik v\u0259 innovativ ideyalar beyn\u0259lxalq v\u0259 donor t\u0259\u015fkilatlar t\u0259r\u0259find\u0259n maliyy\u0259l\u0259\u015fdirilib. H\u0259r bir t\u0259\u015f\u0259bb\u00fcs m\u00fcst\u0259qil \u015f\u0259kild\u0259 yarad\u0131l\u0131r v\u0259 onun arxas\u0131nda ictimai rifah u\u011frunda m\u00fcbariz\u0259d\u0259 [&hellip;]<\/p>\n","protected":false},"author":1,"featured_media":0,"parent":0,"menu_order":0,"comment_status":"closed","ping_status":"closed","template":"about-us.php","meta":{"_acf_changed":false,"footnotes":""},"class_list":["post-68729","page","type-page","status-publish","hentry"],"acf":[],"wpcf_dashboard":"<div class=\"woocommerce\"><div class=\"woocommerce-info\">Please log in first? <a class=\"wpneoShowLogin\" href=\"#\">Click here to login<\/a><\/div><div class=\"wpneo_login_form_div\" style=\"display: none;\"><form name=\"loginform\" id=\"loginform\" action=\"https:\/\/orbelianimeti.ge\/wp-login.php\" method=\"post\"><p class=\"login-username\">\n\t\t\t\t<label for=\"user_login\">Username or Email Address<\/label>\n\t\t\t\t<input type=\"text\" name=\"log\" id=\"user_login\" autocomplete=\"username\" class=\"input\" value=\"\" size=\"20\" \/>\n\t\t\t<\/p><p class=\"login-password\">\n\t\t\t\t<label for=\"user_pass\">Password<\/label>\n\t\t\t\t<input type=\"password\" name=\"pwd\" id=\"user_pass\" autocomplete=\"current-password\" spellcheck=\"false\" class=\"input\" value=\"\" size=\"20\" \/>\n\t\t\t<\/p><p class=\"login-remember\"><label><input name=\"rememberme\" type=\"checkbox\" id=\"rememberme\" value=\"forever\" \/> Remember Me<\/label><\/p><p class=\"login-submit\">\n\t\t\t\t<input type=\"submit\" name=\"wp-submit\" id=\"wp-submit\" class=\"button button-primary\" value=\"Log In\" \/>\n\t\t\t\t<input type=\"hidden\" name=\"redirect_to\" value=\"https:\/\/orbelianimeti.ge\/az\/wp-json\/wp\/v2\/pages\/68729\" \/>\n\t\t\t<\/p><\/form><\/div><\/div>","_links":{"self":[{"href":"https:\/\/orbelianimeti.ge\/az\/wp-json\/wp\/v2\/pages\/68729","targetHints":{"allow":["GET"]}}],"collection":[{"href":"https:\/\/orbelianimeti.ge\/az\/wp-json\/wp\/v2\/pages"}],"about":[{"href":"https:\/\/orbelianimeti.ge\/az\/wp-json\/wp\/v2\/types\/page"}],"author":[{"embeddable":true,"href":"https:\/\/orbelianimeti.ge\/az\/wp-json\/wp\/v2\/users\/1"}],"replies":[{"embeddable":true,"href":"https:\/\/orbelianimeti.ge\/az\/wp-json\/wp\/v2\/comments?post=68729"}],"version-history":[{"count":0,"href":"https:\/\/orbelianimeti.ge\/az\/wp-json\/wp\/v2\/pages\/68729\/revisions"}],"wp:attachment":[{"href":"https:\/\/orbelianimeti.ge\/az\/wp-json\/wp\/v2\/media?parent=68729"}],"curies":[{"name":"wp","href":"https:\/\/api.w.org\/{rel}","templated":true}]}}