{"id":68022,"date":"2024-04-03T23:36:12","date_gmt":"2024-04-03T19:36:12","guid":{"rendered":"https:\/\/orbelianimeti.ge\/test-translate\/"},"modified":"2024-04-04T17:40:35","modified_gmt":"2024-04-04T13:40:35","slug":"test-translateaaa","status":"publish","type":"page","link":"https:\/\/orbelianimeti.ge\/az\/test-translateaaa\/","title":{"rendered":"Test Translate"},"content":{"rendered":"<h1>Yayg\u0131n inanc\u0131n tersine<\/h1>\n<p><strong>Lorem Ipsum rastgele s\u00f6zc\u00fcklerden<\/strong> olu\u015fmaz. K\u00f6kleri M.\u00d6. <strong><em>45 tarihinden bu yana klasik<\/em><\/strong> Latin edebiyat\u0131na kadar <em>uzanan 2000 y\u0131ll\u0131k bir ge\u00e7mi\u015fi<\/em> vard\u0131r. Virginia&#8217;daki Hampden-Sydney College&#8217;dan Latince profes\u00f6r\u00fc Richard McClintock, bir Lorem Ipsum pasaj\u0131nda ge\u00e7en ve anla\u015f\u0131lmas\u0131 en g\u00fc\u00e7 s\u00f6zc\u00fcklerden biri olan &#8216;consectetur&#8217; s\u00f6zc\u00fc\u011f\u00fcn\u00fcn klasik edebiyattaki \u00f6rneklerini inceledi\u011finde kesin bir kayna\u011fa ula\u015fm\u0131\u015ft\u0131r. Lorm Ipsum, \u00c7i\u00e7ero taraf\u0131ndan M.\u00d6. 45 tarihinde kaleme al\u0131nan &#8220;de Finibus Bonorum et Malorum&#8221; (\u0130yi ve K\u00f6t\u00fcn\u00fcn U\u00e7 S\u0131n\u0131rlar\u0131) eserinin 1.10.32 ve 1.10.33 say\u0131l\u0131 b\u00f6l\u00fcmlerinden gelmektedir. Bu kitap, ahlak kuram\u0131 \u00fczerine bir tezdir ve R\u00f6nesans d\u00f6neminde \u00e7ok pop\u00fcler olmu\u015ftur. Lorem Ipsum pasaj\u0131n\u0131n ilk sat\u0131r\u0131 olan &#8220;Lorem ipsum dolor sit amet&#8221; 1.10.32 say\u0131l\u0131 b\u00f6l\u00fcmdeki bir sat\u0131rdan gelmektedir.<\/p>\n<p>1500&#8217;lerden beri kullan\u0131lmakta olan standard Lorem Ipsum metinleri ilgilenenler i\u00e7in yeniden \u00fcretilmi\u015ftir. \u00c7i\u00e7ero taraf\u0131ndan yaz\u0131lan 1.10.32 ve 1.10.33 b\u00f6l\u00fcmleri de 1914 H. Rackham \u00e7evirisinden al\u0131nan \u0130ngilizce s\u00fcr\u00fcmleri e\u015fli\u011finde \u00f6zg\u00fcn bi\u00e7iminden yeniden \u00fcretilmi\u015ftir.<\/p>\n","protected":false},"excerpt":{"rendered":"<p>Yayg\u0131n inanc\u0131n tersine Lorem Ipsum rastgele s\u00f6zc\u00fcklerden olu\u015fmaz. K\u00f6kleri M.\u00d6. 45 tarihinden bu yana klasik Latin edebiyat\u0131na kadar uzanan 2000 y\u0131ll\u0131k bir ge\u00e7mi\u015fi vard\u0131r. Virginia&#8217;daki Hampden-Sydney College&#8217;dan Latince profes\u00f6r\u00fc Richard McClintock, bir Lorem Ipsum pasaj\u0131nda ge\u00e7en ve anla\u015f\u0131lmas\u0131 en g\u00fc\u00e7 s\u00f6zc\u00fcklerden biri olan &#8216;consectetur&#8217; s\u00f6zc\u00fc\u011f\u00fcn\u00fcn klasik edebiyattaki \u00f6rneklerini inceledi\u011finde kesin bir kayna\u011fa ula\u015fm\u0131\u015ft\u0131r. Lorm Ipsum, [&hellip;]<\/p>\n","protected":false},"author":1,"featured_media":0,"parent":0,"menu_order":0,"comment_status":"closed","ping_status":"closed","template":"","meta":{"_acf_changed":false,"footnotes":""},"class_list":["post-68022","page","type-page","status-publish","hentry"],"acf":[],"wpcf_dashboard":"<div class=\"woocommerce\"><div class=\"woocommerce-info\">Please log in first? <a class=\"wpneoShowLogin\" href=\"#\">Click here to login<\/a><\/div><div class=\"wpneo_login_form_div\" style=\"display: none;\"><form name=\"loginform\" id=\"loginform\" action=\"https:\/\/orbelianimeti.ge\/wp-login.php\" method=\"post\"><p class=\"login-username\">\n\t\t\t\t<label for=\"user_login\">Username or Email Address<\/label>\n\t\t\t\t<input type=\"text\" name=\"log\" id=\"user_login\" autocomplete=\"username\" class=\"input\" value=\"\" size=\"20\" \/>\n\t\t\t<\/p><p class=\"login-password\">\n\t\t\t\t<label for=\"user_pass\">Password<\/label>\n\t\t\t\t<input type=\"password\" name=\"pwd\" id=\"user_pass\" autocomplete=\"current-password\" spellcheck=\"false\" class=\"input\" value=\"\" size=\"20\" \/>\n\t\t\t<\/p><p class=\"login-remember\"><label><input name=\"rememberme\" type=\"checkbox\" id=\"rememberme\" value=\"forever\" \/> Remember Me<\/label><\/p><p class=\"login-submit\">\n\t\t\t\t<input type=\"submit\" name=\"wp-submit\" id=\"wp-submit\" class=\"button button-primary\" value=\"Log In\" \/>\n\t\t\t\t<input type=\"hidden\" name=\"redirect_to\" value=\"https:\/\/orbelianimeti.ge\/az\/wp-json\/wp\/v2\/pages\/68022\" \/>\n\t\t\t<\/p><\/form><\/div><\/div>","_links":{"self":[{"href":"https:\/\/orbelianimeti.ge\/az\/wp-json\/wp\/v2\/pages\/68022","targetHints":{"allow":["GET"]}}],"collection":[{"href":"https:\/\/orbelianimeti.ge\/az\/wp-json\/wp\/v2\/pages"}],"about":[{"href":"https:\/\/orbelianimeti.ge\/az\/wp-json\/wp\/v2\/types\/page"}],"author":[{"embeddable":true,"href":"https:\/\/orbelianimeti.ge\/az\/wp-json\/wp\/v2\/users\/1"}],"replies":[{"embeddable":true,"href":"https:\/\/orbelianimeti.ge\/az\/wp-json\/wp\/v2\/comments?post=68022"}],"version-history":[{"count":0,"href":"https:\/\/orbelianimeti.ge\/az\/wp-json\/wp\/v2\/pages\/68022\/revisions"}],"wp:attachment":[{"href":"https:\/\/orbelianimeti.ge\/az\/wp-json\/wp\/v2\/media?parent=68022"}],"curies":[{"name":"wp","href":"https:\/\/api.w.org\/{rel}","templated":true}]}}